{"id":4003,"date":"2023-04-17T13:21:12","date_gmt":"2023-04-17T11:21:12","guid":{"rendered":"https:\/\/www.asfinanz.ch\/de\/?page_id=4003"},"modified":"2024-02-16T09:47:40","modified_gmt":"2024-02-16T08:47:40","slug":"antrag-demo-2","status":"publish","type":"page","link":"https:\/\/www.asfinanz.ch\/de\/kreditantrag\/","title":{"rendered":"Kreditantrag"},"content":{"rendered":"\t\t<div data-elementor-type=\"wp-page\" data-elementor-id=\"4003\" class=\"elementor elementor-4003\">\n\t\t\t\t\t\t<section class=\"elementor-section elementor-top-section elementor-element elementor-element-d93eecf ct-section-stretched elementor-section-boxed elementor-section-height-default elementor-section-height-default\" data-id=\"d93eecf\" data-element_type=\"section\" data-settings=\"{&quot;ekit_has_onepagescroll_dot&quot;:&quot;yes&quot;}\">\n\t\t\t\t\t\t<div class=\"elementor-container elementor-column-gap-default\">\n\t\t\t\t\t<div class=\"elementor-column elementor-col-100 elementor-top-column elementor-element elementor-element-4c39126\" data-id=\"4c39126\" data-element_type=\"column\">\n\t\t\t<div class=\"elementor-widget-wrap elementor-element-populated\">\n\t\t\t\t\t\t<div class=\"elementor-element elementor-element-33ea061 elementor-widget elementor-widget-shortcode\" data-id=\"33ea061\" data-element_type=\"widget\" data-settings=\"{&quot;ekit_we_effect_on&quot;:&quot;none&quot;}\" data-widget_type=\"shortcode.default\">\n\t\t\t\t<div class=\"elementor-widget-container\">\n\t\t\t\t\t<div class=\"elementor-shortcode\"><form action=\"https:\/\/www.asfinanz.ch\/de\/wp-json\/ws-form\/v1\/submit\" class=\"wsf-form wsf-form-canvas\" id=\"ws-form-1\" data-id=\"20\" data-instance-id=\"1\" method=\"POST\"><\/form>\n<\/div>\n\t\t\t\t<\/div>\n\t\t\t\t<\/div>\n\t\t\t\t\t<\/div>\n\t\t<\/div>\n\t\t\t\t\t<\/div>\n\t\t<\/section>\n\t\t\t\t<\/div>\n\t\t","protected":false},"excerpt":{"rendered":"","protected":false},"author":1,"featured_media":0,"parent":0,"menu_order":0,"comment_status":"closed","ping_status":"closed","template":"elementor_header_footer","meta":{"footnotes":""},"blocksy_meta":[],"yoast_head":"<!-- This site is optimized with the Yoast SEO plugin v23.5 - https:\/\/yoast.com\/wordpress\/plugins\/seo\/ -->\n<title>Kreditantrag - AS Finanz GmbH<\/title>\n<meta name=\"description\" content=\"Suchen Sie nach einem Kredit? Kredite von AS Finanz ist die L\u00f6sung. Wir finden f\u00fcr Sie die besten Kredite im Markt. Jetzt auf asfinanz.ch\" \/>\n<meta name=\"robots\" content=\"index, follow, max-snippet:-1, max-image-preview:large, max-video-preview:-1\" \/>\n<link rel=\"canonical\" href=\"https:\/\/www.asfinanz.ch\/de\/kreditantrag\/\" \/>\n<meta property=\"og:locale\" content=\"de_DE\" \/>\n<meta property=\"og:type\" content=\"article\" \/>\n<meta property=\"og:title\" content=\"[:de]Kreditantrag[:en]Loan Application[:it]Richiesta di credito[:fr]Demande de cr\u00e9dit[:pt]Aplica\u00e7\u00e3o de cr\u00e9dito[:] - AS Finanz GmbH\" \/>\n<meta property=\"og:description\" content=\"Suchen Sie nach einem Kredit? Kredite von AS Finanz ist die L\u00f6sung. Wir finden f\u00fcr Sie die besten Kredite im Markt. Jetzt auf asfinanz.ch\" \/>\n<meta property=\"og:url\" content=\"https:\/\/www.asfinanz.ch\/de\/kreditantrag\/\" \/>\n<meta property=\"og:site_name\" content=\"AS Finanz GmbH\" \/>\n<meta property=\"article:publisher\" content=\"https:\/\/www.facebook.com\/barkredit\" \/>\n<meta property=\"article:modified_time\" content=\"2024-02-16T08:47:40+00:00\" \/>\n<meta name=\"twitter:card\" content=\"summary_large_image\" \/>\n<meta name=\"twitter:site\" content=\"@asfinanz\" \/>\n<meta name=\"twitter:label1\" content=\"Gesch\u00e4tzte Lesezeit\" \/>\n\t<meta name=\"twitter:data1\" content=\"1\u00a0Minute\" \/>\n<script type=\"application\/ld+json\" class=\"yoast-schema-graph\">{\"@context\":\"https:\/\/schema.org\",\"@graph\":[{\"@type\":\"WebPage\",\"@id\":\"https:\/\/www.asfinanz.ch\/de\/kreditantrag\/\",\"url\":\"https:\/\/www.asfinanz.ch\/de\/kreditantrag\/\",\"name\":\"[:de]Kreditantrag[:en]Loan Application[:it]Richiesta di credito[:fr]Demande de cr\u00e9dit[:pt]Aplica\u00e7\u00e3o de cr\u00e9dito[:] - AS Finanz GmbH\",\"isPartOf\":{\"@id\":\"https:\/\/www.asfinanz.ch\/de\/#website\"},\"datePublished\":\"2023-04-17T11:21:12+00:00\",\"dateModified\":\"2024-02-16T08:47:40+00:00\",\"description\":\"Suchen Sie nach einem Kredit? Kredite von AS Finanz ist die L\u00f6sung. Wir finden f\u00fcr Sie die besten Kredite im Markt. Jetzt auf asfinanz.ch\",\"breadcrumb\":{\"@id\":\"https:\/\/www.asfinanz.ch\/de\/kreditantrag\/#breadcrumb\"},\"inLanguage\":\"de\",\"potentialAction\":[{\"@type\":\"ReadAction\",\"target\":[\"https:\/\/www.asfinanz.ch\/de\/kreditantrag\/\"]}]},{\"@type\":\"BreadcrumbList\",\"@id\":\"https:\/\/www.asfinanz.ch\/de\/kreditantrag\/#breadcrumb\",\"itemListElement\":[{\"@type\":\"ListItem\",\"position\":1,\"name\":\"Startseite\",\"item\":\"https:\/\/www.asfinanz.ch\/de\/\"},{\"@type\":\"ListItem\",\"position\":2,\"name\":\"Kreditantrag\"}]},{\"@type\":\"WebSite\",\"@id\":\"https:\/\/www.asfinanz.ch\/de\/#website\",\"url\":\"https:\/\/www.asfinanz.ch\/de\/\",\"name\":\"asfinanz.ch\",\"description\":\"Die AS Finanz GmbH, gegr\u00fcndet im Jahr 2006, geh\u00f6rt heute zu den f\u00fchrenden Vermittlern von g\u00fcnstigen Privatkrediten in der Schweiz.\",\"publisher\":{\"@id\":\"https:\/\/www.asfinanz.ch\/de\/#organization\"},\"potentialAction\":[{\"@type\":\"SearchAction\",\"target\":{\"@type\":\"EntryPoint\",\"urlTemplate\":\"https:\/\/www.asfinanz.ch\/de\/?s={search_term_string}\"},\"query-input\":{\"@type\":\"PropertyValueSpecification\",\"valueRequired\":true,\"valueName\":\"search_term_string\"}}],\"inLanguage\":\"de\"},{\"@type\":\"Organization\",\"@id\":\"https:\/\/www.asfinanz.ch\/de\/#organization\",\"name\":\"asfinanz.ch\",\"url\":\"https:\/\/www.asfinanz.ch\/de\/\",\"logo\":{\"@type\":\"ImageObject\",\"inLanguage\":\"de\",\"@id\":\"https:\/\/www.asfinanz.ch\/de\/#\/schema\/logo\/image\/\",\"url\":\"https:\/\/www.asfinanz.ch\/wp-content\/uploads\/2022\/12\/asfinanz_logo_WEB.png\",\"contentUrl\":\"https:\/\/www.asfinanz.ch\/wp-content\/uploads\/2022\/12\/asfinanz_logo_WEB.png\",\"width\":830,\"height\":285,\"caption\":\"asfinanz.ch\"},\"image\":{\"@id\":\"https:\/\/www.asfinanz.ch\/de\/#\/schema\/logo\/image\/\"},\"sameAs\":[\"https:\/\/www.facebook.com\/barkredit\",\"https:\/\/x.com\/asfinanz\",\"https:\/\/vimeo.com\/user36842987\"]}]}<\/script>\n<!-- \/ Yoast SEO plugin. -->","yoast_head_json":{"title":"[:de]Kreditantrag[:en]Loan Application[:it]Richiesta di credito[:fr]Demande de cr\u00e9dit[:pt]Aplica\u00e7\u00e3o de cr\u00e9dito[:] - AS Finanz GmbH","description":"Suchen Sie nach einem Kredit? Kredite von AS Finanz ist die L\u00f6sung. Wir finden f\u00fcr Sie die besten Kredite im Markt. Jetzt auf asfinanz.ch","robots":{"index":"index","follow":"follow","max-snippet":"max-snippet:-1","max-image-preview":"max-image-preview:large","max-video-preview":"max-video-preview:-1"},"canonical":"https:\/\/www.asfinanz.ch\/de\/kreditantrag\/","og_locale":"de_DE","og_type":"article","og_title":"[:de]Kreditantrag[:en]Loan Application[:it]Richiesta di credito[:fr]Demande de cr\u00e9dit[:pt]Aplica\u00e7\u00e3o de cr\u00e9dito[:] - AS Finanz GmbH","og_description":"Suchen Sie nach einem Kredit? Kredite von AS Finanz ist die L\u00f6sung. Wir finden f\u00fcr Sie die besten Kredite im Markt. Jetzt auf asfinanz.ch","og_url":"https:\/\/www.asfinanz.ch\/de\/kreditantrag\/","og_site_name":"AS Finanz GmbH","article_publisher":"https:\/\/www.facebook.com\/barkredit","article_modified_time":"2024-02-16T08:47:40+00:00","twitter_card":"summary_large_image","twitter_site":"@asfinanz","twitter_misc":{"Gesch\u00e4tzte Lesezeit":"1\u00a0Minute"},"schema":{"@context":"https:\/\/schema.org","@graph":[{"@type":"WebPage","@id":"https:\/\/www.asfinanz.ch\/de\/kreditantrag\/","url":"https:\/\/www.asfinanz.ch\/de\/kreditantrag\/","name":"[:de]Kreditantrag[:en]Loan Application[:it]Richiesta di credito[:fr]Demande de cr\u00e9dit[:pt]Aplica\u00e7\u00e3o de cr\u00e9dito[:] - AS Finanz GmbH","isPartOf":{"@id":"https:\/\/www.asfinanz.ch\/de\/#website"},"datePublished":"2023-04-17T11:21:12+00:00","dateModified":"2024-02-16T08:47:40+00:00","description":"Suchen Sie nach einem Kredit? Kredite von AS Finanz ist die L\u00f6sung. Wir finden f\u00fcr Sie die besten Kredite im Markt. Jetzt auf asfinanz.ch","breadcrumb":{"@id":"https:\/\/www.asfinanz.ch\/de\/kreditantrag\/#breadcrumb"},"inLanguage":"de","potentialAction":[{"@type":"ReadAction","target":["https:\/\/www.asfinanz.ch\/de\/kreditantrag\/"]}]},{"@type":"BreadcrumbList","@id":"https:\/\/www.asfinanz.ch\/de\/kreditantrag\/#breadcrumb","itemListElement":[{"@type":"ListItem","position":1,"name":"Startseite","item":"https:\/\/www.asfinanz.ch\/de\/"},{"@type":"ListItem","position":2,"name":"Kreditantrag"}]},{"@type":"WebSite","@id":"https:\/\/www.asfinanz.ch\/de\/#website","url":"https:\/\/www.asfinanz.ch\/de\/","name":"asfinanz.ch","description":"Die AS Finanz GmbH, gegr\u00fcndet im Jahr 2006, geh\u00f6rt heute zu den f\u00fchrenden Vermittlern von g\u00fcnstigen Privatkrediten in der Schweiz.","publisher":{"@id":"https:\/\/www.asfinanz.ch\/de\/#organization"},"potentialAction":[{"@type":"SearchAction","target":{"@type":"EntryPoint","urlTemplate":"https:\/\/www.asfinanz.ch\/de\/?s={search_term_string}"},"query-input":{"@type":"PropertyValueSpecification","valueRequired":true,"valueName":"search_term_string"}}],"inLanguage":"de"},{"@type":"Organization","@id":"https:\/\/www.asfinanz.ch\/de\/#organization","name":"asfinanz.ch","url":"https:\/\/www.asfinanz.ch\/de\/","logo":{"@type":"ImageObject","inLanguage":"de","@id":"https:\/\/www.asfinanz.ch\/de\/#\/schema\/logo\/image\/","url":"https:\/\/www.asfinanz.ch\/wp-content\/uploads\/2022\/12\/asfinanz_logo_WEB.png","contentUrl":"https:\/\/www.asfinanz.ch\/wp-content\/uploads\/2022\/12\/asfinanz_logo_WEB.png","width":830,"height":285,"caption":"asfinanz.ch"},"image":{"@id":"https:\/\/www.asfinanz.ch\/de\/#\/schema\/logo\/image\/"},"sameAs":["https:\/\/www.facebook.com\/barkredit","https:\/\/x.com\/asfinanz","https:\/\/vimeo.com\/user36842987"]}]}},"_links":{"self":[{"href":"https:\/\/www.asfinanz.ch\/de\/wp-json\/wp\/v2\/pages\/4003"}],"collection":[{"href":"https:\/\/www.asfinanz.ch\/de\/wp-json\/wp\/v2\/pages"}],"about":[{"href":"https:\/\/www.asfinanz.ch\/de\/wp-json\/wp\/v2\/types\/page"}],"author":[{"embeddable":true,"href":"https:\/\/www.asfinanz.ch\/de\/wp-json\/wp\/v2\/users\/1"}],"replies":[{"embeddable":true,"href":"https:\/\/www.asfinanz.ch\/de\/wp-json\/wp\/v2\/comments?post=4003"}],"version-history":[{"count":17,"href":"https:\/\/www.asfinanz.ch\/de\/wp-json\/wp\/v2\/pages\/4003\/revisions"}],"predecessor-version":[{"id":8681,"href":"https:\/\/www.asfinanz.ch\/de\/wp-json\/wp\/v2\/pages\/4003\/revisions\/8681"}],"wp:attachment":[{"href":"https:\/\/www.asfinanz.ch\/de\/wp-json\/wp\/v2\/media?parent=4003"}],"curies":[{"name":"wp","href":"https:\/\/api.w.org\/{rel}","templated":true}]}}