{"id":3587,"date":"2023-04-02T00:56:18","date_gmt":"2023-04-01T22:56:18","guid":{"rendered":"https:\/\/www.asfinanz.ch\/de\/?page_id=3587"},"modified":"2024-09-19T16:16:26","modified_gmt":"2024-09-19T14:16:26","slug":"kreditantrag-demo","status":"publish","type":"page","link":"https:\/\/www.asfinanz.ch\/fr\/deutsch-kreditantrag-demo\/","title":{"rendered":"(Deutsch) Kreditantrag Demo"},"content":{"rendered":"\t\t<div data-elementor-type=\"wp-page\" data-elementor-id=\"3587\" class=\"elementor elementor-3587\">\n\t\t\t\t\t\t<section class=\"elementor-section elementor-top-section elementor-element elementor-element-b1bdbd4 ct-section-stretched elementor-hidden-tablet elementor-hidden-mobile elementor-section-boxed elementor-section-height-default elementor-section-height-default\" data-id=\"b1bdbd4\" data-element_type=\"section\" data-settings=\"{&quot;background_background&quot;:&quot;gradient&quot;,&quot;ekit_has_onepagescroll_dot&quot;:&quot;yes&quot;}\">\n\t\t\t\t\t\t<div class=\"elementor-container elementor-column-gap-default\">\n\t\t\t\t\t<div class=\"elementor-column elementor-col-100 elementor-top-column elementor-element elementor-element-1a86af1\" data-id=\"1a86af1\" data-element_type=\"column\">\n\t\t\t<div class=\"elementor-widget-wrap elementor-element-populated\">\n\t\t\t\t\t\t<div class=\"elementor-element elementor-element-0d4d071 elementor-position-left elementor-vertical-align-middle elementor-widget elementor-widget-image-box\" data-id=\"0d4d071\" data-element_type=\"widget\" data-settings=\"{&quot;ekit_we_effect_on&quot;:&quot;none&quot;}\" data-widget_type=\"image-box.default\">\n\t\t\t\t<div class=\"elementor-widget-container\">\n\t\t\t<div class=\"elementor-image-box-wrapper\"><figure class=\"elementor-image-box-img\"><img decoding=\"async\" width=\"25\" height=\"25\" src=\"https:\/\/www.asfinanz.ch\/wp-content\/uploads\/2022\/10\/swissmade.png\" class=\"attachment-full size-full wp-image-1233\" alt=\"\" \/><\/figure><div class=\"elementor-image-box-content\"><h6 class=\"elementor-image-box-title\">AS Finanz GmbH est un fournisseur suisse contr\u00f4l\u00e9 et certifi\u00e9 avec la licence cantonale pour courtier en cr\u00e9dit. <\/h6><\/div><\/div>\t\t<\/div>\n\t\t\t\t<\/div>\n\t\t\t\t\t<\/div>\n\t\t<\/div>\n\t\t\t\t\t<\/div>\n\t\t<\/section>\n\t\t\t\t<section class=\"elementor-section elementor-top-section elementor-element elementor-element-b11437e ct-section-stretched elementor-section-boxed elementor-section-height-default elementor-section-height-default\" data-id=\"b11437e\" data-element_type=\"section\" data-settings=\"{&quot;background_background&quot;:&quot;classic&quot;,&quot;ekit_has_onepagescroll_dot&quot;:&quot;yes&quot;}\">\n\t\t\t\t\t\t<div class=\"elementor-container elementor-column-gap-default\">\n\t\t\t\t\t<div class=\"elementor-column elementor-col-33 elementor-top-column elementor-element elementor-element-75c0cfe\" data-id=\"75c0cfe\" data-element_type=\"column\">\n\t\t\t<div class=\"elementor-widget-wrap elementor-element-populated\">\n\t\t\t\t\t\t<div class=\"elementor-element elementor-element-126415b elementor-widget elementor-widget-heading\" data-id=\"126415b\" data-element_type=\"widget\" data-settings=\"{&quot;ekit_we_effect_on&quot;:&quot;none&quot;}\" data-widget_type=\"heading.default\">\n\t\t\t\t<div class=\"elementor-widget-container\">\n\t\t\t<h2 class=\"elementor-heading-title elementor-size-default\">Cr\u00e9dit priv\u00e9\n<\/h2>\t\t<\/div>\n\t\t\t\t<\/div>\n\t\t\t\t<div class=\"elementor-element elementor-element-232576b elementor-widget elementor-widget-text-editor\" data-id=\"232576b\" data-element_type=\"widget\" data-settings=\"{&quot;ekit_we_effect_on&quot;:&quot;none&quot;}\" data-widget_type=\"text-editor.default\">\n\t\t\t\t<div class=\"elementor-widget-container\">\n\t\t\t\t\t\t\t<p>Vous obtenez votre cr\u00e9dit priv\u00e9 en ligne pour un taux d&rsquo;int\u00e9r\u00eat annuel \u00e0 partir de 4,9%. <strong>Profitez d\u00e8s maintenant de nos conditions attractives et des avantages du cr\u00e9dit priv\u00e9.<\/strong><br \/><\/p>\t\t\t\t\t\t<\/div>\n\t\t\t\t<\/div>\n\t\t\t\t\t<\/div>\n\t\t<\/div>\n\t\t\t\t<div class=\"elementor-column elementor-col-66 elementor-top-column elementor-element elementor-element-c3531d2\" data-id=\"c3531d2\" data-element_type=\"column\" data-settings=\"{&quot;background_background&quot;:&quot;classic&quot;}\">\n\t\t\t<div class=\"elementor-widget-wrap elementor-element-populated\">\n\t\t\t\t\t\t<div class=\"elementor-element elementor-element-1cb52f0 elementor-widget elementor-widget-shortcode\" data-id=\"1cb52f0\" data-element_type=\"widget\" data-settings=\"{&quot;ekit_we_effect_on&quot;:&quot;none&quot;}\" data-widget_type=\"shortcode.default\">\n\t\t\t\t<div class=\"elementor-widget-container\">\n\t\t\t\t\t<div class=\"elementor-shortcode\"><form action=\"https:\/\/www.asfinanz.ch\/fr\/wp-json\/ws-form\/v1\/submit\" class=\"wsf-form wsf-form-canvas\" id=\"ws-form-1\" data-id=\"24\" data-instance-id=\"1\" method=\"POST\"><\/form>\n<\/div>\n\t\t\t\t<\/div>\n\t\t\t\t<\/div>\n\t\t\t\t\t<\/div>\n\t\t<\/div>\n\t\t\t\t\t<\/div>\n\t\t<\/section>\n\t\t\t\t<\/div>\n\t\t","protected":false},"excerpt":{"rendered":"<p>AS Finanz GmbH est un fournisseur suisse contr\u00f4l\u00e9 et certifi\u00e9 avec la licence cantonale pour courtier en cr\u00e9dit. Cr\u00e9dit priv\u00e9 Vous obtenez votre cr\u00e9dit priv\u00e9 en ligne pour un taux d&rsquo;int\u00e9r\u00eat annuel \u00e0 partir de 4,9%. Profitez d\u00e8s maintenant de nos conditions attractives et des avantages du cr\u00e9dit priv\u00e9.<\/p>\n","protected":false},"author":1,"featured_media":0,"parent":0,"menu_order":0,"comment_status":"closed","ping_status":"closed","template":"elementor_header_footer","meta":{"footnotes":""},"blocksy_meta":[],"yoast_head":"<!-- This site is optimized with the Yoast SEO plugin v23.5 - https:\/\/yoast.com\/wordpress\/plugins\/seo\/ -->\n<title><\/title>\n<meta name=\"description\" content=\"Suchen Sie nach einem Kredit? Kredite von AS Finanz ist die L\u00f6sung. Wir finden f\u00fcr Sie die besten Kredite im Markt. Jetzt auf asfinanz.ch\" \/>\n<meta name=\"robots\" content=\"index, follow, max-snippet:-1, max-image-preview:large, max-video-preview:-1\" \/>\n<link rel=\"canonical\" href=\"https:\/\/www.asfinanz.ch\/en\/deutsch-kreditantrag-demo\/\" \/>\n<meta property=\"og:locale\" content=\"fr_FR\" \/>\n<meta property=\"og:type\" content=\"article\" \/>\n<meta property=\"og:title\" content=\"[:de]Kreditantrag Demo[:] - AS Finanz GmbH\" \/>\n<meta property=\"og:description\" content=\"Suchen Sie nach einem Kredit? Kredite von AS Finanz ist die L\u00f6sung. Wir finden f\u00fcr Sie die besten Kredite im Markt. Jetzt auf asfinanz.ch\" \/>\n<meta property=\"og:url\" content=\"https:\/\/www.asfinanz.ch\/en\/deutsch-kreditantrag-demo\/\" \/>\n<meta property=\"og:site_name\" content=\"AS Finanz GmbH\" \/>\n<meta property=\"article:publisher\" content=\"https:\/\/www.facebook.com\/barkredit\" \/>\n<meta property=\"article:modified_time\" content=\"2024-09-19T14:16:26+00:00\" \/>\n<meta property=\"og:image\" content=\"https:\/\/www.asfinanz.ch\/wp-content\/uploads\/2022\/10\/swissmade.png\" \/>\n<meta name=\"twitter:card\" content=\"summary_large_image\" \/>\n<meta name=\"twitter:site\" content=\"@asfinanz\" \/>\n<meta name=\"twitter:label1\" content=\"Dur\u00e9e de lecture estim\u00e9e\" \/>\n\t<meta name=\"twitter:data1\" content=\"2 minutes\" \/>\n<script type=\"application\/ld+json\" class=\"yoast-schema-graph\">{\"@context\":\"https:\/\/schema.org\",\"@graph\":[{\"@type\":\"WebPage\",\"@id\":\"https:\/\/www.asfinanz.ch\/en\/deutsch-kreditantrag-demo\/\",\"url\":\"https:\/\/www.asfinanz.ch\/en\/deutsch-kreditantrag-demo\/\",\"name\":\"[:de]Kreditantrag Demo[:] - AS Finanz GmbH\",\"isPartOf\":{\"@id\":\"https:\/\/www.asfinanz.ch\/de\/#website\"},\"primaryImageOfPage\":{\"@id\":\"https:\/\/www.asfinanz.ch\/en\/deutsch-kreditantrag-demo\/#primaryimage\"},\"image\":{\"@id\":\"https:\/\/www.asfinanz.ch\/en\/deutsch-kreditantrag-demo\/#primaryimage\"},\"thumbnailUrl\":\"https:\/\/www.asfinanz.ch\/wp-content\/uploads\/2022\/10\/swissmade.png\",\"datePublished\":\"2023-04-01T22:56:18+00:00\",\"dateModified\":\"2024-09-19T14:16:26+00:00\",\"description\":\"Suchen Sie nach einem Kredit? Kredite von AS Finanz ist die L\u00f6sung. Wir finden f\u00fcr Sie die besten Kredite im Markt. Jetzt auf asfinanz.ch\",\"breadcrumb\":{\"@id\":\"https:\/\/www.asfinanz.ch\/en\/deutsch-kreditantrag-demo\/#breadcrumb\"},\"inLanguage\":\"fr-FR\",\"potentialAction\":[{\"@type\":\"ReadAction\",\"target\":[\"https:\/\/www.asfinanz.ch\/en\/deutsch-kreditantrag-demo\/\"]}]},{\"@type\":\"ImageObject\",\"inLanguage\":\"fr-FR\",\"@id\":\"https:\/\/www.asfinanz.ch\/en\/deutsch-kreditantrag-demo\/#primaryimage\",\"url\":\"https:\/\/www.asfinanz.ch\/wp-content\/uploads\/2022\/10\/swissmade.png\",\"contentUrl\":\"https:\/\/www.asfinanz.ch\/wp-content\/uploads\/2022\/10\/swissmade.png\"},{\"@type\":\"BreadcrumbList\",\"@id\":\"https:\/\/www.asfinanz.ch\/en\/deutsch-kreditantrag-demo\/#breadcrumb\",\"itemListElement\":[{\"@type\":\"ListItem\",\"position\":1,\"name\":\"Startseite\",\"item\":\"https:\/\/www.asfinanz.ch\/de\/\"},{\"@type\":\"ListItem\",\"position\":2,\"name\":\"(Deutsch) Kreditantrag Demo\"}]},{\"@type\":\"WebSite\",\"@id\":\"https:\/\/www.asfinanz.ch\/de\/#website\",\"url\":\"https:\/\/www.asfinanz.ch\/de\/\",\"name\":\"asfinanz.ch\",\"description\":\"Die AS Finanz GmbH, gegr\u00fcndet im Jahr 2006, geh\u00f6rt heute zu den f\u00fchrenden Vermittlern von g\u00fcnstigen Privatkrediten in der Schweiz.\",\"publisher\":{\"@id\":\"https:\/\/www.asfinanz.ch\/de\/#organization\"},\"potentialAction\":[{\"@type\":\"SearchAction\",\"target\":{\"@type\":\"EntryPoint\",\"urlTemplate\":\"https:\/\/www.asfinanz.ch\/de\/?s={search_term_string}\"},\"query-input\":{\"@type\":\"PropertyValueSpecification\",\"valueRequired\":true,\"valueName\":\"search_term_string\"}}],\"inLanguage\":\"fr-FR\"},{\"@type\":\"Organization\",\"@id\":\"https:\/\/www.asfinanz.ch\/de\/#organization\",\"name\":\"asfinanz.ch\",\"url\":\"https:\/\/www.asfinanz.ch\/de\/\",\"logo\":{\"@type\":\"ImageObject\",\"inLanguage\":\"fr-FR\",\"@id\":\"https:\/\/www.asfinanz.ch\/de\/#\/schema\/logo\/image\/\",\"url\":\"https:\/\/www.asfinanz.ch\/wp-content\/uploads\/2022\/12\/asfinanz_logo_WEB.png\",\"contentUrl\":\"https:\/\/www.asfinanz.ch\/wp-content\/uploads\/2022\/12\/asfinanz_logo_WEB.png\",\"width\":830,\"height\":285,\"caption\":\"asfinanz.ch\"},\"image\":{\"@id\":\"https:\/\/www.asfinanz.ch\/de\/#\/schema\/logo\/image\/\"},\"sameAs\":[\"https:\/\/www.facebook.com\/barkredit\",\"https:\/\/x.com\/asfinanz\",\"https:\/\/vimeo.com\/user36842987\"]}]}<\/script>\n<!-- \/ Yoast SEO plugin. -->","yoast_head_json":{"title":"[:de]Kreditantrag Demo[:] - AS Finanz GmbH","description":"Suchen Sie nach einem Kredit? Kredite von AS Finanz ist die L\u00f6sung. Wir finden f\u00fcr Sie die besten Kredite im Markt. Jetzt auf asfinanz.ch","robots":{"index":"index","follow":"follow","max-snippet":"max-snippet:-1","max-image-preview":"max-image-preview:large","max-video-preview":"max-video-preview:-1"},"canonical":"https:\/\/www.asfinanz.ch\/en\/deutsch-kreditantrag-demo\/","og_locale":"fr_FR","og_type":"article","og_title":"[:de]Kreditantrag Demo[:] - AS Finanz GmbH","og_description":"Suchen Sie nach einem Kredit? Kredite von AS Finanz ist die L\u00f6sung. Wir finden f\u00fcr Sie die besten Kredite im Markt. Jetzt auf asfinanz.ch","og_url":"https:\/\/www.asfinanz.ch\/en\/deutsch-kreditantrag-demo\/","og_site_name":"AS Finanz GmbH","article_publisher":"https:\/\/www.facebook.com\/barkredit","article_modified_time":"2024-09-19T14:16:26+00:00","og_image":[{"url":"https:\/\/www.asfinanz.ch\/wp-content\/uploads\/2022\/10\/swissmade.png"}],"twitter_card":"summary_large_image","twitter_site":"@asfinanz","twitter_misc":{"Dur\u00e9e de lecture estim\u00e9e":"2 minutes"},"schema":{"@context":"https:\/\/schema.org","@graph":[{"@type":"WebPage","@id":"https:\/\/www.asfinanz.ch\/en\/deutsch-kreditantrag-demo\/","url":"https:\/\/www.asfinanz.ch\/en\/deutsch-kreditantrag-demo\/","name":"[:de]Kreditantrag Demo[:] - AS Finanz GmbH","isPartOf":{"@id":"https:\/\/www.asfinanz.ch\/de\/#website"},"primaryImageOfPage":{"@id":"https:\/\/www.asfinanz.ch\/en\/deutsch-kreditantrag-demo\/#primaryimage"},"image":{"@id":"https:\/\/www.asfinanz.ch\/en\/deutsch-kreditantrag-demo\/#primaryimage"},"thumbnailUrl":"https:\/\/www.asfinanz.ch\/wp-content\/uploads\/2022\/10\/swissmade.png","datePublished":"2023-04-01T22:56:18+00:00","dateModified":"2024-09-19T14:16:26+00:00","description":"Suchen Sie nach einem Kredit? Kredite von AS Finanz ist die L\u00f6sung. Wir finden f\u00fcr Sie die besten Kredite im Markt. Jetzt auf asfinanz.ch","breadcrumb":{"@id":"https:\/\/www.asfinanz.ch\/en\/deutsch-kreditantrag-demo\/#breadcrumb"},"inLanguage":"fr-FR","potentialAction":[{"@type":"ReadAction","target":["https:\/\/www.asfinanz.ch\/en\/deutsch-kreditantrag-demo\/"]}]},{"@type":"ImageObject","inLanguage":"fr-FR","@id":"https:\/\/www.asfinanz.ch\/en\/deutsch-kreditantrag-demo\/#primaryimage","url":"https:\/\/www.asfinanz.ch\/wp-content\/uploads\/2022\/10\/swissmade.png","contentUrl":"https:\/\/www.asfinanz.ch\/wp-content\/uploads\/2022\/10\/swissmade.png"},{"@type":"BreadcrumbList","@id":"https:\/\/www.asfinanz.ch\/en\/deutsch-kreditantrag-demo\/#breadcrumb","itemListElement":[{"@type":"ListItem","position":1,"name":"Startseite","item":"https:\/\/www.asfinanz.ch\/de\/"},{"@type":"ListItem","position":2,"name":"(Deutsch) Kreditantrag Demo"}]},{"@type":"WebSite","@id":"https:\/\/www.asfinanz.ch\/de\/#website","url":"https:\/\/www.asfinanz.ch\/de\/","name":"asfinanz.ch","description":"Die AS Finanz GmbH, gegr\u00fcndet im Jahr 2006, geh\u00f6rt heute zu den f\u00fchrenden Vermittlern von g\u00fcnstigen Privatkrediten in der Schweiz.","publisher":{"@id":"https:\/\/www.asfinanz.ch\/de\/#organization"},"potentialAction":[{"@type":"SearchAction","target":{"@type":"EntryPoint","urlTemplate":"https:\/\/www.asfinanz.ch\/de\/?s={search_term_string}"},"query-input":{"@type":"PropertyValueSpecification","valueRequired":true,"valueName":"search_term_string"}}],"inLanguage":"fr-FR"},{"@type":"Organization","@id":"https:\/\/www.asfinanz.ch\/de\/#organization","name":"asfinanz.ch","url":"https:\/\/www.asfinanz.ch\/de\/","logo":{"@type":"ImageObject","inLanguage":"fr-FR","@id":"https:\/\/www.asfinanz.ch\/de\/#\/schema\/logo\/image\/","url":"https:\/\/www.asfinanz.ch\/wp-content\/uploads\/2022\/12\/asfinanz_logo_WEB.png","contentUrl":"https:\/\/www.asfinanz.ch\/wp-content\/uploads\/2022\/12\/asfinanz_logo_WEB.png","width":830,"height":285,"caption":"asfinanz.ch"},"image":{"@id":"https:\/\/www.asfinanz.ch\/de\/#\/schema\/logo\/image\/"},"sameAs":["https:\/\/www.facebook.com\/barkredit","https:\/\/x.com\/asfinanz","https:\/\/vimeo.com\/user36842987"]}]}},"_links":{"self":[{"href":"https:\/\/www.asfinanz.ch\/fr\/wp-json\/wp\/v2\/pages\/3587"}],"collection":[{"href":"https:\/\/www.asfinanz.ch\/fr\/wp-json\/wp\/v2\/pages"}],"about":[{"href":"https:\/\/www.asfinanz.ch\/fr\/wp-json\/wp\/v2\/types\/page"}],"author":[{"embeddable":true,"href":"https:\/\/www.asfinanz.ch\/fr\/wp-json\/wp\/v2\/users\/1"}],"replies":[{"embeddable":true,"href":"https:\/\/www.asfinanz.ch\/fr\/wp-json\/wp\/v2\/comments?post=3587"}],"version-history":[{"count":117,"href":"https:\/\/www.asfinanz.ch\/fr\/wp-json\/wp\/v2\/pages\/3587\/revisions"}],"predecessor-version":[{"id":13994,"href":"https:\/\/www.asfinanz.ch\/fr\/wp-json\/wp\/v2\/pages\/3587\/revisions\/13994"}],"wp:attachment":[{"href":"https:\/\/www.asfinanz.ch\/fr\/wp-json\/wp\/v2\/media?parent=3587"}],"curies":[{"name":"wp","href":"https:\/\/api.w.org\/{rel}","templated":true}]}}